{"id":28948,"date":"2024-07-25T17:22:10","date_gmt":"2024-07-25T17:22:10","guid":{"rendered":"https:\/\/globalglimpse.org\/haz-una-donacion"},"modified":"2026-01-28T15:47:23","modified_gmt":"2026-01-28T15:47:23","slug":"haz-una-donacion","status":"publish","type":"page","link":"https:\/\/www.globalglimpse.org\/es\/unete\/haz-una-donacion","title":{"rendered":"Haz una Donaci\u00f3n"},"content":{"rendered":"\n\n\n\n\t\n\n\t\t\t\t\n\t\n<div id=\"block_2b1cb4188624d7e933c26e8c7d07bd2b\" class=\"nmc-block nmc-block--masthead-media-bg block-container alignfull\" >\n\t\n\t\t\n\t\t\t<div class=\"blockbody\">\n\t\t\t\t<div class=\"masthead-media\">\n\t\t\t<video id=\"block_2b1cb4188624d7e933c26e8c7d07bd2b-video\" class=\"video\" poster=\"\" contols=\"\" autoplay=\"\" muted=\"\" playsinline=\"\" preload=\"metadata\" aria-labelledby=\"block_2b1cb4188624d7e933c26e8c7d07bd2b-playpause\">\n\t\t<source src=\"https:\/\/www.globalglimpse.org\/wp-content\/uploads\/2024\/08\/Homepage-Masthead-Video-Full-Size.mp4\" type=\"video\/mp4\">\n\t<\/video>\n\t<button id=\"block_2b1cb4188624d7e933c26e8c7d07bd2b-playpause\" class=\"playpause\" aria-label=\"Pause Video\">\n\t\t<span class=\"play\">Play Video<\/span>\n\t\t<span class=\"pause\">Pause Video<\/span>\n\t<\/button>\n\t<\/div>\n<div class=\"masthead-content -mode-dark\">\n\t<div class=\"bound boundwider\">\n\t\t<h1 class=\"page-title\">Haz una Donaci\u00f3n<\/h1>\n\t\t\t\t\t<\/div>\n<\/div>\n\t\t\t<\/div>\n\n\t\t\t\t\n\t<\/div>\n\t\n<nav class=\"nmc-block nmc-block--breadcrumbs alignfull\" aria-labelledby=\"page-breadcrumb\">\n\t<h2 id=\"page-breadcrumb\" class=\"sr\">Page Breadcrumb<\/h2>\n\t<div class=\"bound boundwider\">\n\t\t<ol class=\"breadcrumb\" aria-label=\"Breadcrumb\">\n\n\t\t\t\n\t\t\t\t\t\t\n\t\t\t\t\t\t\t\t\t\t\t\t\t\t\t\t\t\t\t\t\t\t\t\t\t\t\t\t\t\t\t\t\t\t\t\t\t\t\t\t\t\t\t\t\t\t\t\t\t\t\t\t\t\t\t\t\t\t\t\t\t\t\t\t\t\t\t\t\t\t\t\t\t\t\t\t\t\t\t\t\t\t\t\t\t\t\t\t\t\t\t\t\t\t\t\t\t\t\t\t\t\t\t\t\t\t\t\t\t\t\t\t\t\t\t\t\t\t\t\t\t\t\t\t\t\t\t\t\t\t\t\t\t\n\t\t\t\t\t\t\t\t\t\t\t\t\n\t\t\t\t\t\t\n\t\t\t\t\t\t\t\t\t\t<li class=\"bc-list-item\">\n\t\t\t<span class=\"bc-link\">\u00danete<\/span>\n\t<\/li>\n\n\t\t\t\t\t\t\t<li class=\"bc-list-item\">\n\t\t\t<span class=\"bc-current\" aria-current=\"page\">Haz una Donaci\u00f3n<\/span>\n\t<\/li>\n\n\t\t\t\t\t\t\n\t\t<\/ol>\n\t<\/div>\n<\/nav>\n\n\n\n\n\t\n\n\t\t\t\t\t\t\t\n\t\n<div id=\"block_f666f71d1cfc910f36e953622d37a5bc\" class=\"nmc-block nmc-block--background block-container alignfull padding-doble\" >\n\t\n\t\t\n\t\t\t<div class=\"blockbody\">\n\t\t\t\t      <div class=\"donut-half -donut-top\">\n      <svg xmlns=\"http:\/\/www.w3.org\/2000\/svg\" width=\"288\" height=\"904\" viewBox=\"0 0 288 904\" fill=\"none\" role=\"img\" aria-hidden=\"true\" focusable=\"false\">\n        <path fill-rule=\"evenodd\" clip-rule=\"evenodd\" d=\"M455.715 903.465C387.774 866.565 328.422 811.703 285.48 740.8C156.351 527.59 224.512 250.07 437.722 120.941C509.765 77.3092 589.151 56.2025 667.673 55.6059C531.313 -18.4543 360.357 -20.1578 218.05 66.0288C4.84059 195.157 -63.3207 472.677 65.8078 685.887C151.304 827.054 301.852 904.634 455.715 903.465Z\" fill=\"#F0ECE2\"\/>\n      <\/svg>\n    <\/div>\n  <div class=\"gutenberg\">\n  \n\t\n\n<h2 class=\"wp-block-heading\"><strong>Regala viajes<\/strong><\/h2>\n\n\n\n<p><\/p>\n\n\n\n<p>Viajar puede cambiar positivamente la trayectoria de la vida de un joven, ampliando sus horizontes y liberando su potencial. \u00danete a nosotros para hacer accesibles las poderosas lecciones de los viajes a todos los j\u00f3venes que sue\u00f1an con ver mundo. Tu contribuci\u00f3n financia directamente potentes becas para nuestros estudiantes. Global Glimpse es una organizaci\u00f3n 501c3 registrada y todas las donaciones son deducibles de impuestos.    <\/p>\n\n\n\n<p><\/p>\n\n\n\n<p><strong>Hay dos formas de contribuir:<\/strong><\/p>\n\n\n\n\n\n\t\t\t\t\n\n<div class=\"nmc-block nmc-block--buttons\" id=\"block_660130869af18e9f4d51132a64eafea0\">\n\n\t\n\t\n\t\t\t\t\t\t\t\t\t\n\t\t<a href=\"https:\/\/donate.globalglimpse.org\/travel-changed-me\" class=\"btn -arrow\" >Haz un donativo a Global Glimpse<svg xmlns=\"http:\/\/www.w3.org\/2000\/svg\" width=\"39\" height=\"13\" viewBox=\"0 0 39 13\" fill=\"none\" role=\"img\" aria-hidden=\"true\" focusable=\"false\">\n    <path d=\"M32.3924 5.81907C22.2282 4.56938 11.9666 4.31662 1.75661 5.06711C1.08049 5.11521 0.447129 5.54905 0.138321 6.17712C-0.0587199 6.57502 -0.138687 7.44762 0.553681 7.39593C10.7637 6.64544 21.0275 6.89562 31.1894 8.14789C32.2313 8.27664 33.8292 5.99692 32.3924 5.81907Z\" fill=\"#CB4E10\"\/>\n    <path d=\"M25.8744 2.75494C29.2073 3.55134 32.4146 4.8275 35.3789 6.58696C35.578 6.70564 35.8535 6.94196 36.1047 7.09789C35.4043 7.41332 34.7039 7.72881 34.0035 8.04417C32.3304 8.79831 30.6573 9.55233 28.9864 10.3039C28.4302 10.5536 27.7636 11.1925 27.7789 11.8699C27.7936 12.5377 28.4446 12.6073 28.9346 12.389C30.9991 11.4598 33.059 10.5309 35.1236 9.60168C36.41 9.02244 39.7082 7.91851 38.8634 5.82954C38.5602 5.08087 37.5522 4.65276 36.9134 4.27799C35.9428 3.70713 34.9428 3.18673 33.9225 2.71601C31.875 1.77753 29.7479 1.05709 27.5635 0.533996C26.9185 0.379447 26.2801 0.772616 25.8907 1.29291C25.6703 1.58872 25.2175 2.5989 25.8744 2.75494Z\" fill=\"#CB4E10\"\/>\n<\/svg><\/a>\n\n\t\n\t\t\t\t\t\t\t\t\t\n\t\t<a href=\"&lt;!--[CDATA[#student]]--&gt;\" class=\"btn -arrow\" >Haz un donativo a un estudiante que conozcas<svg xmlns=\"http:\/\/www.w3.org\/2000\/svg\" width=\"39\" height=\"13\" viewBox=\"0 0 39 13\" fill=\"none\" role=\"img\" aria-hidden=\"true\" focusable=\"false\">\n    <path d=\"M32.3924 5.81907C22.2282 4.56938 11.9666 4.31662 1.75661 5.06711C1.08049 5.11521 0.447129 5.54905 0.138321 6.17712C-0.0587199 6.57502 -0.138687 7.44762 0.553681 7.39593C10.7637 6.64544 21.0275 6.89562 31.1894 8.14789C32.2313 8.27664 33.8292 5.99692 32.3924 5.81907Z\" fill=\"#CB4E10\"\/>\n    <path d=\"M25.8744 2.75494C29.2073 3.55134 32.4146 4.8275 35.3789 6.58696C35.578 6.70564 35.8535 6.94196 36.1047 7.09789C35.4043 7.41332 34.7039 7.72881 34.0035 8.04417C32.3304 8.79831 30.6573 9.55233 28.9864 10.3039C28.4302 10.5536 27.7636 11.1925 27.7789 11.8699C27.7936 12.5377 28.4446 12.6073 28.9346 12.389C30.9991 11.4598 33.059 10.5309 35.1236 9.60168C36.41 9.02244 39.7082 7.91851 38.8634 5.82954C38.5602 5.08087 37.5522 4.65276 36.9134 4.27799C35.9428 3.70713 34.9428 3.18673 33.9225 2.71601C31.875 1.77753 29.7479 1.05709 27.5635 0.533996C26.9185 0.379447 26.2801 0.772616 25.8907 1.29291C25.6703 1.58872 25.2175 2.5989 25.8744 2.75494Z\" fill=\"#CB4E10\"\/>\n<\/svg><\/a>\n\n\t\n<\/div>\n<\/div>\n\t\t\t<\/div>\n\n\t\t\t\t\n\t<\/div>\n\n<h2 class=\"wp-block-heading has-text-align-left\"><strong>patrocina<\/strong> A Viajero primerizo<\/h2>\n\n\n\t\n\n\t\t\t\t\n\n<div id=\"block_9db8b5eb152e39b52a7d740ded952eca\" class=\"nmc-block nmc-block--video block-container\" >\n\t\n\t\t\n\t\t\t<div class=\"blockbody\">\n\t\t\t\t<div class=\"video_wrap\">\n\t<a  href=\"https:\/\/vimeo.com\/868578580\"  data-video-id=\"868578580\" aria-label=\"Play embedded video\" data-video-source=\"vimeo\">\n\t\t\t\t\t\t\t\t\t\t\t\t\t\t\t\t\t\t\t\t\t<picture>\n\t\t\t\t\t\t\t<source media=\"(max-width: 500px)\" srcset=\"https:\/\/www.globalglimpse.org\/wp-content\/uploads\/2024\/09\/unnamed-10-600x337.5-c-default.webp\">\n\t\t\t\n\t\t\t<img decoding=\"async\" loading=\"lazy\" style=\"aspect-ratio: 1.7777777777778;\" src=\"https:\/\/www.globalglimpse.org\/wp-content\/uploads\/2024\/09\/unnamed-10-800x450-c-default.webp\" width=\"800\" height=\"450\" alt=\"\">\n\t\t<\/picture>\n\t\n\t<\/a>\n\t<div class=\"consent\" hidden>\n\t\t<div class=\"consent-content\">\n\t\t\t<p>Please enable &quot;Advertisement cookies&quot; to view this video<\/p>\n\t\t\t<button type=\"button\" class=\"btn\" data-cc=\"show-preferencesModal\">View Preferences Modal<\/button>\n\t\t<\/div>\n\t<\/div>\n<\/div>\n\t\t\t<\/div>\n\n\t\t\t\t\n\t<\/div>\n\n\n\n\t\t\t\t\n\t\n<div class=\"nmc-block nmc-block--buttons button-align-center\" id=\"block_3941c3dcbabc6ebe89a902cda39ba2d4\">\n\n\t\n\t\n\t\t\t\t\t\t\t\t\t\n\t\t<a href=\"https:\/\/donate.globalglimpse.org\/travel-changed-me\" class=\"btn -arrow\" >Regala hoy<svg xmlns=\"http:\/\/www.w3.org\/2000\/svg\" width=\"39\" height=\"13\" viewBox=\"0 0 39 13\" fill=\"none\" role=\"img\" aria-hidden=\"true\" focusable=\"false\">\n    <path d=\"M32.3924 5.81907C22.2282 4.56938 11.9666 4.31662 1.75661 5.06711C1.08049 5.11521 0.447129 5.54905 0.138321 6.17712C-0.0587199 6.57502 -0.138687 7.44762 0.553681 7.39593C10.7637 6.64544 21.0275 6.89562 31.1894 8.14789C32.2313 8.27664 33.8292 5.99692 32.3924 5.81907Z\" fill=\"#CB4E10\"\/>\n    <path d=\"M25.8744 2.75494C29.2073 3.55134 32.4146 4.8275 35.3789 6.58696C35.578 6.70564 35.8535 6.94196 36.1047 7.09789C35.4043 7.41332 34.7039 7.72881 34.0035 8.04417C32.3304 8.79831 30.6573 9.55233 28.9864 10.3039C28.4302 10.5536 27.7636 11.1925 27.7789 11.8699C27.7936 12.5377 28.4446 12.6073 28.9346 12.389C30.9991 11.4598 33.059 10.5309 35.1236 9.60168C36.41 9.02244 39.7082 7.91851 38.8634 5.82954C38.5602 5.08087 37.5522 4.65276 36.9134 4.27799C35.9428 3.70713 34.9428 3.18673 33.9225 2.71601C31.875 1.77753 29.7479 1.05709 27.5635 0.533996C26.9185 0.379447 26.2801 0.772616 25.8907 1.29291C25.6703 1.58872 25.2175 2.5989 25.8744 2.75494Z\" fill=\"#CB4E10\"\/>\n<\/svg><\/a>\n\n\t\n<\/div>\n\n\t\n\n\t\t\t\t\t\t\t\n\t\n<div id=\"block_580a1dad58e55835310740274435b6e8\" class=\"nmc-block nmc-block--divider block-container alignfull margin-medio bloque\" >\n\t\n\t\t\n\t\t\t<div class=\"blockbody\">\n\t\t\t\t\t<div class=\"bound boundcontenido\">\n\t\t<div class=\"divider-line\"><\/div>\n\t<\/div>\n\t\t\t<\/div>\n\n\t\t\t\t\n\t<\/div>\n\n\n\t\n\n\t\t\t\t\t\t\t\n\n<div id=\"block_4758a0aa3c652d160f6ce4bcfe54e06c\" class=\"nmc-block nmc-block--partners-intro block-container alignfull\" >\n\t\n\t\t\n\t\t\t<div class=\"blockbody\">\n\t\t\t\t\t<div class=\"bound boundwider wrap\">\n    <div class=\"block-intro\">\n      <h2 class=\"block-title\">\n        Dar con confianza\n      <\/h2>\n      <p>Puedes estar seguro de que tu contribuci\u00f3n tiene un impacto real. Tenemos un historial probado de transparencia, uso eficaz de los fondos y \u00e9xito mensurable en nuestra misi\u00f3n, lo que garantiza que tu apoyo est\u00e1 marcando realmente la diferencia. <\/p>\n\n          <\/div>\n    <div class=\"logo-grid\">\n              <div class=\"img-wrap\"><img decoding=\"async\" src=\"https:\/\/www.globalglimpse.org\/wp-content\/uploads\/2024\/08\/Charity-Grayscale.png\" width=\"97\" height=\"97\" alt=\"Charity Navigator 4 Star logo\" loading=\"lazy\"><\/div>\n              <div class=\"img-wrap\"><img decoding=\"async\" src=\"https:\/\/www.globalglimpse.org\/wp-content\/uploads\/2024\/08\/Candid-Grayscale.png\" width=\"96\" height=\"97\" alt=\"Candid Platinum Transparency 2024 logo\" loading=\"lazy\"><\/div>\n              <div class=\"img-wrap\"><img decoding=\"async\" src=\"https:\/\/www.globalglimpse.org\/wp-content\/uploads\/2024\/08\/Great-Place-To-Work-Grayscale.png\" width=\"60\" height=\"97\" alt=\"Great Place To Work Grayscale logo\" loading=\"lazy\"><\/div>\n              <div class=\"img-wrap\"><img decoding=\"async\" src=\"https:\/\/www.globalglimpse.org\/wp-content\/uploads\/2024\/08\/Screenshot-2024-08-19-at-3.22.42\u202fPM.png\" width=\"928\" height=\"886\" alt=\"Community Choice Awards Badge logo\" loading=\"lazy\"><\/div>\n              <div class=\"img-wrap\"><img decoding=\"async\" src=\"https:\/\/www.globalglimpse.org\/wp-content\/uploads\/2024\/08\/Screenshot-2024-08-19-at-3.24.07\u202fPM-e1724095501534.png\" width=\"1198\" height=\"796\" alt=\"Great Non Profits badge logo grayscale\" loading=\"lazy\"><\/div>\n          <\/div>\n\t<\/div>\n\t\t\t<\/div>\n\n\t\t\t\t\n\t<\/div>\n\n\n\t\n\n\t\t\t\t\t\t\t\n\t\n<div id=\"block_580a1dad58e55835310740274435b6e8\" class=\"nmc-block nmc-block--divider block-container alignfull margin-medio bloque\" >\n\t\n\t\t\n\t\t\t<div class=\"blockbody\">\n\t\t\t\t\t<div class=\"bound boundcontenido\">\n\t\t<div class=\"divider-line\"><\/div>\n\t<\/div>\n\t\t\t<\/div>\n\n\t\t\t\t\n\t<\/div>\n\n\n\t\n\n\t\t\t\t\t\t\t\n\t\n<div id=\"block_f666f71d1cfc910f36e953622d37a5bc\" class=\"nmc-block nmc-block--background block-container alignfull padding-doble\" >\n\t\n\t\t\n\t\t\t<div class=\"blockbody\">\n\t\t\t\t      <div class=\"donut-half -donut-top\">\n      <svg xmlns=\"http:\/\/www.w3.org\/2000\/svg\" width=\"288\" height=\"904\" viewBox=\"0 0 288 904\" fill=\"none\" role=\"img\" aria-hidden=\"true\" focusable=\"false\">\n        <path fill-rule=\"evenodd\" clip-rule=\"evenodd\" d=\"M455.715 903.465C387.774 866.565 328.422 811.703 285.48 740.8C156.351 527.59 224.512 250.07 437.722 120.941C509.765 77.3092 589.151 56.2025 667.673 55.6059C531.313 -18.4543 360.357 -20.1578 218.05 66.0288C4.84059 195.157 -63.3207 472.677 65.8078 685.887C151.304 827.054 301.852 904.634 455.715 903.465Z\" fill=\"#F0ECE2\"\/>\n      <\/svg>\n    <\/div>\n  <div class=\"gutenberg\">\n  \n\t\n\n<h2 class=\"wp-block-heading\">\u00a1Dona directamente a un Estudiante que conozcas!<\/h2>\n\n\n\n\n\t\n\n\t\t\t\t\n\n<div id=\"student\" class=\"nmc-block nmc-block--donate block-container\" >\n\t\n\t\t\n\t\t\t<div class=\"blockbody\">\n\t\t\t\t\t<div class=\"donation-form-wrap\">\n    <form method='post' enctype='multipart\/form-data' id='donateform' name='donateform'\n    action='https:\/\/portal.globalglimpse.org\/student\/donation'>\n    <div class='gform_body'>\n        <ul id='gform_fields_1' class='gform_fields left_label description_below'>\n            <li id='field_1_5' class='gfield gfield_contains_required'>\n                <label class='gfield_label' for='amount'>Donation Amount<span class='gfield_required'>*<\/span><\/label>\n                <div class='ginput_container'>\n                    <span style=\"font-size: 24px; color: #c1b48a;\">$ &nbsp;<\/span><input name='amount' id='amount'\n                        type='text' value='' class='small' tabindex='1' \/>\n                <\/div>\n            <\/li>\n            <li id='field_1_3' class='gfield gfield_contains_required'>\n                <label class='gfield_label' for='input_1_3_3'>Name<span class='gfield_required'>*<\/span><\/label>\n                <div class='ginput_complex ginput_container' id='input_1_3'>\n                    <span id='input_1_3_3_container' class='ginput_left'>\n                        <input type='text' name='first_name' id='first_name' value='' tabindex='2' \/>\n                        <label for='first_name'>First<\/label>\n                    <\/span><span id='input_1_3_6_container' class='ginput_right'>\n                        <input type='text' name='last_name' id='last_name' value='' tabindex='3' \/>\n                        <label for='input_1_3_6'>Last<\/label>\n                    <\/span>\n                    <div class='gf_clear gf_clear_complex'><\/div>\n                <\/div>\n            <\/li>\n            <li id='field_1_4' class='gfield gfield_contains_required'>\n                <label class='gfield_label' for='input_1_4_1'>Address<span class='gfield_required'>*<\/span><\/label>\n                <div class='ginput_complex ginput_container' id='input_1_4'>\n                    <span class='ginput_full' id='input_1_4_1_container'>\n                        <input type='text' name='card_address1' id='card_address1' value='' tabindex='4' \/>\n                        <label for='card_address1' id='card_label'>Street Address<\/label>\n                    <\/span><span class='ginput_full' id='address2_container'>\n                        <input type='text' name='card_address2' id='card_address2' value='' tabindex='5' \/>\n                        <label for='card_address2' id='card_address2_label'>Address Line 2<\/label>\n                    <\/span><span class='ginput_left' id='city_container'>\n                        <input type='text' name='card_city' id='card_city' value='' tabindex='6' \/>\n                        <label for='card_city' id='card_city_label'>City<\/label>\n                    <\/span><span class='ginput_right' id='state_container'>\n                        <input type='text' name='card_state' id='card_state' value='' tabindex='8' \/>\n                        <label for='card_state' id='card_state_label'>State \/ Province \/ Region<\/label>\n                    <\/span><span class='ginput_left' id='zip_container'>\n                        <input type='text' name='card_zip' id='card_zip' value='' tabindex='9' \/>\n                        <label for='card_zip' id='card_zip_label'>ZIP \/ Postal Code<\/label>\n                    <\/span>\n                    <span class='ginput_right' id='country_container'>\n                        <select name='country' id='country' tabindex='10'>\n                            <option value='' selected><\/option>\n                            \n\n                        <\/select>\n                        <label for='country' id='country_label'>Country<\/label>\n                    <\/span>\n                    <div class='gf_clear gf_clear_complex'><\/div>\n                <\/div>\n            <\/li>\n            <li id='field_1_7' class='gfield gfield_contains_required'>\n                <label class='gfield_label' for='card_email'>Email<span class='gfield_required'>*<\/span><\/label>\n                <div class='ginput_container'>\n                    <input name='card_email' id='card_email' type='text' value='' class='large' tabindex='11' \/>\n                <\/div>\n                <div class='gfield_description'\n                    style=\"font-family: 'Open Sans', sans-serif; font-size: 11px; letter-spacing: 0.5pt\">Your receipt\n                    will be emailed here<\/div>\n            <\/li>\n            <li id='field_1_11' class='gfield gfield_contains_required'>\n                <label class='gfield_label' for='donate_to'>Student Id<span\n                        class='gfield_required'>*<\/span><\/label>\n                <div class='ginput_container'>\n                    <input type=\"text\" name=\"donate_to\" \/> \n                <\/div>\n            <\/li>\n         <\/ul>\n    <\/div>\n    <div class='gform_footer left_label'>\n        <input type='submit' id='submit' class='button' value='Donate Now' \/>\n    <\/div>\n<\/form>\n<script>\n    const items = {\n        \"Afghanistan\" : 0,\n        \"Albania\" : 1,\n        \"Algeria\" : 2,\n        \"American Samoa\" : 3,\n        \"Andorra\" : 4,\n        \"Angola\" : 5,\n        \"Anguilla\" : 6,\n        \"Antarctica\" : 7,\n        \"Antigua and Barbuda\" : 8,\n        \"Argentina\" : 9,\n        \"Armenia\" : 10,\n        \"Aruba\" : 11,\n        \"Australia\" : 12,\n        \"Austria\" : 13,\n        \"Azerbaijan\" : 14,\n        \"Bahamas\" : 15,\n        \"Bahrain\" : 16,\n        \"Bangladesh\" : 17,\n        \"Barbados\" : 18,\n        \"Belarus\" : 19,\n        \"Belgium\" : 20,\n        \"Belize\" : 21,\n        \"Benin\" : 22,\n        \"Bermuda\" : 23,\n        \"Bhutan\" : 24,\n        \"Bolivia\" : 25,\n        \"Bosnia and Herzegowina\" : 26,\n        \"Botswana\" : 27,\n        \"Bouvet Island\" : 28,\n        \"Brazil\" : 29,\n        \"British Indian Ocean Territory\" : 30,\n        \"Brunei Darussalam\" : 31,\n        \"Bulgaria\" : 32,\n        \"Burkina Faso\" : 33,\n        \"Burundi\" : 34,\n        \"Cambodia\" : 35,\n        \"Cameroon\" : 36,\n        \"Canada\" : 37,\n        \"Cape Verde\" : 38,\n        \"Cayman Islands\" : 39,\n        \"Central African Republic\" : 40,\n        \"Chad\" : 41,\n        \"Chile\" : 42,\n        \"China\" : 43,\n        \"Christmas Island\" : 44,\n        \"Cocos (Keeling) Islands\" : 45,\n        \"Colombia\" : 46,\n        \"Comoros\" : 47,\n        \"Congo\" : 48,\n        \"Congo, the Democratic Republic of the\" : 49,\n        \"Cook Islands\" : 50,\n        \"Costa Rica\" : 51,\n        \"Cote d'Ivoire\" : 52,\n        \"Croatia (Hrvatska)\" : 53,\n        \"Cuba\" : 54,\n        \"Cyprus\" : 55,\n        \"Czech Republic\" : 56,\n        \"Denmark\" : 57,\n        \"Djibouti\" : 58,\n        \"Dominica\" : 59,\n        \"Dominican Republic\" : 60,\n        \"East Timor\" : 61,\n        \"Ecuador\" : 62,\n        \"Egypt\" : 63,\n        \"El Salvador\" : 64,\n        \"Equatorial Guinea\" : 65,\n        \"Eritrea\" : 66,\n        \"Estonia\" : 67,\n        \"Ethiopia\" : 68,\n        \"Falkland Islands (Malvinas)\" : 69,\n        \"Faroe Islands\" : 70,\n        \"Fiji\" : 71,\n        \"Finland\" : 72,\n        \"France\" : 73,\n        \"France Metropolitan\" : 74,\n        \"French Guiana\" : 75,\n        \"French Polynesia\" : 76,\n        \"French Southern Territories\" : 77,\n        \"Gabon\" : 78,\n        \"Gambia\" : 79,\n        \"Georgia\" : 80,\n        \"Germany\" : 81,\n        \"Ghana\" : 82,\n        \"Gibraltar\" : 83,\n        \"Greece\" : 84,\n        \"Greenland\" : 85,\n        \"Grenada\" : 86,\n        \"Guadeloupe\" : 87,\n        \"Guam\" : 88,\n        \"Guatemala\" : 89,\n        \"Guinea\" : 90,\n        \"Guinea-Bissau\" : 91,\n        \"Guyana\" : 92,\n        \"Haiti\" : 93,\n        \"Heard and Mc Donald Islands\" : 94,\n        \"Holy See (Vatican City State)\" : 95,\n        \"Honduras\" : 96,\n        \"Hong Kong\" : 97,\n        \"Hungary\" : 98,\n        \"Iceland\" : 99,\n        \"India\" : 100,\n        \"Indonesia\" : 101,\n        \"Iran (Islamic Republic of)\" : 102,\n        \"Iraq\" : 103,\n        \"Ireland\" : 104,\n        \"Israel\" : 105,\n        \"Italy\" : 106,\n        \"Jamaica\" : 107,\n        \"Japan\" : 108,\n        \"Jordan\" : 109,\n        \"Kazakhstan\" : 110,\n        \"Kenya\" : 111,\n        \"Kiribati\" : 112,\n        \"Korea, Democratic People's Republic of\" : 113,\n        \"Korea, Republic of\" : 114,\n        \"Kuwait\" : 115,\n        \"Kyrgyzstan\" : 116,\n        \"Lao, People's Democratic Republic\" : 117,\n        \"Latvia\" : 118,\n        \"Lebanon\" : 119,\n        \"Lesotho\" : 120,\n        \"Liberia\" : 121,\n        \"Libyan Arab Jamahiriya\" : 122,\n        \"Liechtenstein\" : 123,\n        \"Lithuania\" : 124,\n        \"Luxembourg\" : 125,\n        \"Macau\" : 126,\n        \"Macedonia, The Former Yugoslav Republic of\" : 127,\n        \"Madagascar\" : 128,\n        \"Malawi\" : 129,\n        \"Malaysia\" : 130,\n        \"Maldives\" : 131,\n        \"Mali\" : 132,\n        \"Malta\" : 133,\n        \"Marshall Islands\" : 134,\n        \"Martinique\" : 135,\n        \"Mauritania\" : 136,\n        \"Mauritius\" : 137,\n        \"Mayotte\" : 138,\n        \"Mexico\" : 139,\n        \"Micronesia, Federated States of\" : 140,\n        \"Moldova, Republic of\" : 141,\n        \"Monaco\" : 142,\n        \"Mongolia\" : 143,\n        \"Montserrat\" : 144,\n        \"Morocco\" : 145,\n        \"Mozambique\" : 146,\n        \"Myanmar\" : 147,\n        \"Namibia\" : 148,\n        \"Nauru\" : 149,\n        \"Nepal\" : 150,\n        \"Netherlands\" : 151,\n        \"Netherlands Antilles\" : 152,\n        \"New Caledonia\" : 153,\n        \"New Zealand\" : 154,\n        \"Nicaragua\" : 155,\n        \"Niger\" : 156,\n        \"Nigeria\" : 157,\n        \"Niue\" : 158,\n        \"Norfolk Island\" : 159,\n        \"Northern Mariana Islands\" : 160,\n        \"Norway\" : 161,\n        \"Oman\" : 162,\n        \"Pakistan\" : 163,\n        \"Palau\" : 164,\n        \"Panama\" : 165,\n        \"Papua New Guinea\" : 166,\n        \"Paraguay\" : 167,\n        \"Peru\" : 168,\n        \"Philippines\" : 169,\n        \"Pitcairn\" : 170,\n        \"Poland\" : 171,\n        \"Portugal\" : 172,\n        \"Puerto Rico\" : 173,\n        \"Qatar\" : 174,\n        \"Reunion\" : 175,\n        \"Romania\" : 176,\n        \"Russian Federation\" : 177,\n        \"Rwanda\" : 178,\n        \"Saint Kitts and Nevis\" : 179,\n        \"Saint Lucia\" : 180,\n        \"Saint Vincent and the Grenadines\" : 181,\n        \"Samoa\" : 182,\n        \"San Marino\" : 183,\n        \"Sao Tome and Principe\" : 184,\n        \"Saudi Arabia\" : 185,\n        \"Senegal\" : 186,\n        \"Seychelles\" : 187,\n        \"Sierra Leone\" : 188,\n        \"Singapore\" : 189,\n        \"Slovakia (Slovak Republic)\" : 190,\n        \"Slovenia\" : 191,\n        \"Solomon Islands\" : 192,\n        \"Somalia\" : 193,\n        \"South Africa\" : 194,\n        \"South Georgia and the South Sandwich Islands\" : 195,\n        \"Spain\" : 196,\n        \"Sri Lanka\" : 197,\n        \"St. Helena\" : 198,\n        \"St. Pierre and Miquelon\" : 199,\n        \"Sudan\" : 200,\n        \"Suriname\" : 201,\n        \"Svalbard and Jan Mayen Islands\" : 202,\n        \"Swaziland\" : 203,\n        \"Sweden\" : 204,\n        \"Switzerland\" : 205,\n        \"Syrian Arab Republic\" : 206,\n        \"Taiwan, Province of China\" : 207,\n        \"Tajikistan\" : 208,\n        \"Tanzania, United Republic of\" : 209,\n        \"Thailand\" : 210,\n        \"Togo\" : 211,\n        \"Tokelau\" : 212,\n        \"Tonga\" : 213,\n        \"Trinidad and Tobago\" : 214,\n        \"Tunisia\" : 215,\n        \"Turkey\" : 216,\n        \"Turkmenistan\" : 217,\n        \"Turks and Caicos Islands\" : 218,\n        \"Tuvalu\" : 219,\n        \"Uganda\" : 220,\n        \"Ukraine\" : 221,\n        \"United Arab Emirates\" : 222,\n        \"United Kingdom\" : 223,\n        \"United States\" : 224,\n        \"United States Minor Outlying Islands\" : 225,\n        \"Uruguay\" : 226,\n        \"Uzbekistan\" : 227,\n        \"Vanuatu\" : 228,\n        \"Venezuela\" : 229,\n        \"Vietnam\" : 230,\n        \"Virgin Islands (British)\" : 231,\n        \"Virgin Islands (U.S.)\" : 232,\n        \"Wallis and Futuna Islands\" : 233,\n        \"Western Sahara\" : 234,\n        \"Yemen\" : 235,\n        \"Yugoslavia\" : 236,\n        \"Zambia\" : 237,\n        \"Zimbabwe\" : 238\n    };\n\n    const selectElement = document.getElementById(\"country\");\n\n    for (const [country, value] of Object.entries(items)) {\n        const option = document.createElement(\"option\");\n        option.value = country;\n        option.textContent = country;\n        selectElement.appendChild(option);\n    }\n<\/script>\n  <\/div>\n\t\t\t<\/div>\n\n\t\t\t\t\n\t<\/div>\n\n\n\n<p><\/p>\n\n\n\n<p><\/p>\n\n\n\n<p><\/p>\n\n<\/div>\n\t\t\t<\/div>\n\n\t\t\t\t\n\t<\/div>\n","protected":false},"excerpt":{"rendered":"<p>patrocina A Viajero primerizo<\/p>\n","protected":false},"author":1,"featured_media":0,"parent":28990,"menu_order":0,"comment_status":"closed","ping_status":"closed","template":"","meta":{"_acf_changed":false,"footnotes":""},"class_list":["post-28948","page","type-page","status-publish","hentry"],"acf":[],"_links":{"self":[{"href":"https:\/\/www.globalglimpse.org\/es\/wp-json\/wp\/v2\/pages\/28948","targetHints":{"allow":["GET"]}}],"collection":[{"href":"https:\/\/www.globalglimpse.org\/es\/wp-json\/wp\/v2\/pages"}],"about":[{"href":"https:\/\/www.globalglimpse.org\/es\/wp-json\/wp\/v2\/types\/page"}],"author":[{"embeddable":true,"href":"https:\/\/www.globalglimpse.org\/es\/wp-json\/wp\/v2\/users\/1"}],"replies":[{"embeddable":true,"href":"https:\/\/www.globalglimpse.org\/es\/wp-json\/wp\/v2\/comments?post=28948"}],"version-history":[{"count":5,"href":"https:\/\/www.globalglimpse.org\/es\/wp-json\/wp\/v2\/pages\/28948\/revisions"}],"predecessor-version":[{"id":41893,"href":"https:\/\/www.globalglimpse.org\/es\/wp-json\/wp\/v2\/pages\/28948\/revisions\/41893"}],"up":[{"embeddable":true,"href":"https:\/\/www.globalglimpse.org\/es\/wp-json\/wp\/v2\/pages\/28990"}],"wp:attachment":[{"href":"https:\/\/www.globalglimpse.org\/es\/wp-json\/wp\/v2\/media?parent=28948"}],"curies":[{"name":"wp","href":"https:\/\/api.w.org\/{rel}","templated":true}]}}