{"id":28945,"date":"2024-08-15T18:41:51","date_gmt":"2024-08-15T18:41:51","guid":{"rendered":"https:\/\/globalglimpse.org\/lidera-un-viaje-de-global-glimpse"},"modified":"2025-11-20T19:43:37","modified_gmt":"2025-11-20T19:43:37","slug":"lidera-un-viaje-de-global-glimpse","status":"publish","type":"page","link":"https:\/\/www.globalglimpse.org\/es\/unete\/lidera-un-viaje-de-global-glimpse","title":{"rendered":"Lidera un Viaje de Global Glimpse"},"content":{"rendered":"\n\n\n\n\t\n\n\t\t\t\t\n\t\n<div id=\"block_8cfe27e5a2db0d675483f82066f13712\" class=\"nmc-block nmc-block--masthead-media-bg block-container alignfull\" >\n\t\n\t\t\n\t\t\t<div class=\"blockbody\">\n\t\t\t\t<div class=\"masthead-media -overlay\">\n\t\t<div class=\"image\">\n\t\t\t\t\t\t\t\t\t\t\t\t<picture>\n\t\t\t<source media=\"(max-width: 499px)\" srcset=\"https:\/\/www.globalglimpse.org\/wp-content\/uploads\/2024\/09\/ART_7841-scaled-600x337.5-c-default.webp\">\n\t\t\t<source media=\"(max-width: 899px)\" srcset=\"https:\/\/www.globalglimpse.org\/wp-content\/uploads\/2024\/09\/ART_7841-scaled-1200x675-c-default.webp\">\n\t\t\t<img fetchpriority=\"high\" decoding=\"async\" loading=\"eager\" style=\"aspect-ratio: 1.7777777777778;\" src=\"https:\/\/www.globalglimpse.org\/wp-content\/uploads\/2024\/09\/ART_7841-scaled-1800x1012.5-c-default.webp\" width=\"1800\" height=\"1013\" alt=\"Group of students standing on dirt road looking at camera\">\n\t\t<\/picture>\n\t<\/div>\n\t\t<\/div>\n<div class=\"masthead-content -mode-dark\">\n\t<div class=\"bound boundwider\">\n\t\t<h1 class=\"page-title\">Lidera un Viaje de Global Glimpse<\/h1>\n\t\t\t\t\t<\/div>\n<\/div>\n\t\t\t<\/div>\n\n\t\t\t\t\n\t<\/div>\n\t\n<nav class=\"nmc-block nmc-block--breadcrumbs alignfull\" aria-labelledby=\"page-breadcrumb\">\n\t<h2 id=\"page-breadcrumb\" class=\"sr\">Page Breadcrumb<\/h2>\n\t<div class=\"bound boundwider\">\n\t\t<ol class=\"breadcrumb\" aria-label=\"Breadcrumb\">\n\n\t\t\t\n\t\t\t\t\t\t\n\t\t\t\t\t\t\t\t\t\t\t\t\t\t\t\t\t\t\t\t\t\t\t\t\t\t\t\t\t\t\t\t\t\t\t\t\t\t\t\t\t\t\t\t\t\t\t\t\t\t\t\t\t\t\t\t\t\t\t\t\t\t\t\t\t\t\t\t\t\t\t\t\t\t\t\t\t\t\t\t\t\t\t\t\t\t\t\t\t\t\t\t\t\t\t\t\t\t\t\t\t\t\t\t\t\t\t\t\t\t\t\t\t\t\t\t\t\t\t\t\t\t\t\t\t\t\t\t\t\t\t\t\t\n\t\t\t\t\t\t\t\t\t\t\t\t\n\t\t\t\t\t\t\n\t\t\t\t\t\t\t\t\t\t<li class=\"bc-list-item\">\n\t\t\t<span class=\"bc-link\">\u00danete<\/span>\n\t<\/li>\n\n\t\t\t\t\t\t\t<li class=\"bc-list-item\">\n\t\t\t<span class=\"bc-current\" aria-current=\"page\">Lidera un Viaje de Global Glimpse<\/span>\n\t<\/li>\n\n\t\t\t\t\t\t\n\t\t<\/ol>\n\t<\/div>\n<\/nav>\n\n\n\n\n\t\n\n\t\t\t\t\t\t\t\n\n<div id=\"block_d60804d8209a63c0572c3f9ba0ea727b\" class=\"nmc-block nmc-block--intro block-container alignfull\" >\n\t\n\t\t\n\t\t\t<div class=\"blockbody\">\n\t\t\t\t<div class=\"bound boundwider wrap\">\n\t    <div class=\"heading\">\n        <h2>\u00bfQuieres ser voluntario para ayudar a j\u00f3venes l\u00edderes a adquirir habilidades y motivaci\u00f3n para crear un cambio positivo en el mundo?<\/h2>\n\n\t\t    <\/div>\n\t\t    <div class=\"text\">\n        <p>Global Glimpse acepta solicitudes de educadores expertos en viajes para dirigir algunos de nuestros programas de inmersi\u00f3n en la Rep\u00fablica Dominicana, Panam\u00e1 y Costa Rica. Global Glimpse cubre todos los costes del programa para los l\u00edderes, incluidos el billete de avi\u00f3n, el alojamiento, las comidas, el transporte local y las actividades. Los l\u00edderes del viaje deben tener experiencia en el trabajo con j\u00f3venes y en el desarrollo del liderazgo. Estos l\u00edderes tambi\u00e9n deben tener su base en el lugar donde se desarrollan nuestros programas, el \u00c1rea de la Bah\u00eda de San Francisco, Chicago, Los \u00c1ngeles, Nueva York o el oeste de Massachusetts, de modo que puedan asistir a una entrevista, a una formaci\u00f3n previa al viaje y viajar con los estudiantes desde el aeropuerto de salida.   <\/p>\n    <\/div>\n\t<\/div>\n\t\t\t<\/div>\n\n\t\t\t\t\n\t<\/div>\n\n\n\t\n\n\t\t\t\t\t\t\t\n\t\n<div id=\"block_c630b7e8b27bc4db8d8c70e688374d39\" class=\"nmc-block nmc-block--cta block-container alignfull -style-default\" >\n\t\n\t\t\n\t\t\t<div class=\"blockbody\">\n\t\t\t\t\n\t<div class=\"block-layout -mode-gray\">\n\t\t\t\t\t\t\t\t<div class=\"cta-primary\">\n\t\t\t\t\t\t\t\t<h2 class=\"block-title\">\u00bfTe interesa ser animador de viajes?<\/h2>\t\t\t\t\t\t\t<\/div>\n\t\t\t\t\t\t<div class=\"cta-buttons\">\n\t\t\t\t<a href=\"https:\/\/globalglimpse.org\/get-involved\/contact-us\" target=\"\" class=\"btn -text-btn -arrow\">Ponte en contacto <svg xmlns=\"http:\/\/www.w3.org\/2000\/svg\" width=\"39\" height=\"13\" viewBox=\"0 0 39 13\" fill=\"none\" role=\"img\" aria-hidden=\"true\" focusable=\"false\">\n    <path d=\"M32.3924 5.81907C22.2282 4.56938 11.9666 4.31662 1.75661 5.06711C1.08049 5.11521 0.447129 5.54905 0.138321 6.17712C-0.0587199 6.57502 -0.138687 7.44762 0.553681 7.39593C10.7637 6.64544 21.0275 6.89562 31.1894 8.14789C32.2313 8.27664 33.8292 5.99692 32.3924 5.81907Z\" fill=\"#CB4E10\"\/>\n    <path d=\"M25.8744 2.75494C29.2073 3.55134 32.4146 4.8275 35.3789 6.58696C35.578 6.70564 35.8535 6.94196 36.1047 7.09789C35.4043 7.41332 34.7039 7.72881 34.0035 8.04417C32.3304 8.79831 30.6573 9.55233 28.9864 10.3039C28.4302 10.5536 27.7636 11.1925 27.7789 11.8699C27.7936 12.5377 28.4446 12.6073 28.9346 12.389C30.9991 11.4598 33.059 10.5309 35.1236 9.60168C36.41 9.02244 39.7082 7.91851 38.8634 5.82954C38.5602 5.08087 37.5522 4.65276 36.9134 4.27799C35.9428 3.70713 34.9428 3.18673 33.9225 2.71601C31.875 1.77753 29.7479 1.05709 27.5635 0.533996C26.9185 0.379447 26.2801 0.772616 25.8907 1.29291C25.6703 1.58872 25.2175 2.5989 25.8744 2.75494Z\" fill=\"#CB4E10\"\/>\n<\/svg><\/a>\n\t\t\t<\/div>\n\t\t\t\t\t\t<\/div>\n\n\n\t\t\t<\/div>\n\n\t\t\t\t\n\t<\/div>\n\n\n\t\n\n\t\t\t\t\t\t\t\n\n<div id=\"block_eedafec6adbdb0aea3f0b419b242f405\" class=\"nmc-block nmc-block--split block-container alignfull\" >\n\t\n\t\t\n\t\t\t<div class=\"blockbody\">\n\t\t\t\t\n\t\n\n<div class=\"split-half\">\n\t<div class=\"split-half-content\">\n\t\t\n\n<div class=\"split-half-formatted-heading\">\n\t<p class=\"eyebrow\">Testimonio del L\u00edder de Viaje de Global Glimpse<\/p>\t<h2 class=\"block-title\">Crecimiento personal y profesional<\/h2><\/div>\n\n\n\n<p><em>\u00abHe cambiado como profesora, he cambiado como persona. Mi conexi\u00f3n con mi comunidad y con los alumnos a los que sirvo es mucho m\u00e1s fuerte. Creo m\u00e1s en m\u00ed misma. Creo en el impacto que puedo tener en los ni\u00f1os y, por tanto, en el mundo. Global Glimpse ha transformado realmente la forma en que me veo a m\u00ed misma como educadora\u00bb.<\/em> <\/p>\n\n\n\n<p>&#8211; <strong>Amy Hanson, GG Trip Leader 2016-2023<\/strong><br\/><br\/><br\/><br\/><\/p>\n\n\t<\/div>\n<\/div>\n\n\n<div class=\"split-half\">\n\t<div class=\"split-half-content\">\n\t\t\n\n<div class=\"split-half-video\" style=\"width: 600px\">\n\t\t\t\t\t\t\t\t\t\n\t\n\t\t<picture>\n\t\t\t<source media=\"(max-width: 400px)\" srcset=\"https:\/\/www.globalglimpse.org\/wp-content\/uploads\/2024\/08\/52765517821_41cd6f5bfb_o-scaled-e1725248557109-500x333.33333333333-c-default.webp\">\n\t\t\t<img decoding=\"async\" loading=\"lazy\" style=\"aspect-ratio: 1.5;\" src=\"https:\/\/www.globalglimpse.org\/wp-content\/uploads\/2024\/08\/52765517821_41cd6f5bfb_o-scaled-e1725248557109-800x533.33333333333-c-default.webp\" width=\"800\" height=\"533\" alt=\"Group of students in a street abroad\">\n\t\t<\/picture>\n\n\t\t<div class=\"video-details\">\n\t\t\t<div class=\"play\">\n\t\t\t\t<svg xmlns=\"http:\/\/www.w3.org\/2000\/svg\" width=\"44\" height=\"44\" viewBox=\"0 0 44 44\" fill=\"none\" role=\"img\" aria-hidden=\"true\" focusable=\"false\">\n\t\t\t\t\t<title>play<\/title>\n\t\t\t\t\t<g clip-path=\"url(#clip0_5481_12674)\">\n\t\t\t\t\t\t<path d=\"M22 44C34.1502 44 44 34.1502 44 22C44 9.84973 34.1502 0 22 0C9.84973 0 0 9.84973 0 22C0 34.1502 9.84973 44 22 44Z\" fill=\"#04B1C2\"\/>\n\t\t\t\t\t\t<path d=\"M15.4661 30.4698L30.734 22.0218L15.4661 13.5298V30.4698Z\" fill=\"white\"\/>\n\t\t\t\t\t<\/g>\n\t\t\t\t\t<defs>\n\t\t\t\t\t\t<clipPath id=\"clip0_5481_12674\">\n\t\t\t\t\t\t\t<rect width=\"44\" height=\"44\" fill=\"white\"\/>\n\t\t\t\t\t\t<\/clipPath>\n\t\t\t\t\t<\/defs>\n\t\t\t\t<\/svg>\n\t\t\t<\/div>\n\t\t\t<div class=\"details\">\n\t\t\t\t<h2>Qu\u00e9 se siente al ser l\u00edder de un GG<\/h2>\n\t\t\t\t4:42\n\t\t\t<\/div>\n\t\t<\/div>\n\t\t<button class=\"video-btn\" data-nmc-micromodal data-nmc-micromodal-target=\"video\" data-nmc-micromodal-video=\"358401008,vimeo\" data-nmc-micromodal-class=\"popup-video\">Play Video<\/button>\n<\/div>\n\n\t<\/div>\n<\/div>\n\n\n\t\n\t\t\t<\/div>\n\n\t\t\t\t\n\t<\/div>\n\n\n\t\n\n\t\t\t\t\t\t\t\n\t\n<div id=\"block_d08aef94f62e498edfa576d73187da70\" class=\"nmc-block nmc-block--cta-multi-links block-container alignfull -style-default\" >\n\t\n\t\t\n\t\t\t<div class=\"blockbody\">\n\t\t\t\t\n\t<div class=\"block-layout -mode-olive\">\n\t\t\n\t\t<div class=\"cta-primary\">\n\t\t\t<h2 class=\"block-title\">M\u00e1s  <strong>Links<\/strong><\/h2>\t\t<\/div>\n\t\t<div class=\"cta-buttons\">\n\t\t\t\t\t\t\t<a href=\"https:\/\/globalglimpse.org\/get-involved\/nominate-a-student\" target=\"\" class=\"btn -text-btn -arrow\">Nomina a un Estudiante <svg xmlns=\"http:\/\/www.w3.org\/2000\/svg\" width=\"39\" height=\"13\" viewBox=\"0 0 39 13\" fill=\"none\" role=\"img\" aria-hidden=\"true\" focusable=\"false\">\n    <path d=\"M32.3924 5.81907C22.2282 4.56938 11.9666 4.31662 1.75661 5.06711C1.08049 5.11521 0.447129 5.54905 0.138321 6.17712C-0.0587199 6.57502 -0.138687 7.44762 0.553681 7.39593C10.7637 6.64544 21.0275 6.89562 31.1894 8.14789C32.2313 8.27664 33.8292 5.99692 32.3924 5.81907Z\" fill=\"#CB4E10\"\/>\n    <path d=\"M25.8744 2.75494C29.2073 3.55134 32.4146 4.8275 35.3789 6.58696C35.578 6.70564 35.8535 6.94196 36.1047 7.09789C35.4043 7.41332 34.7039 7.72881 34.0035 8.04417C32.3304 8.79831 30.6573 9.55233 28.9864 10.3039C28.4302 10.5536 27.7636 11.1925 27.7789 11.8699C27.7936 12.5377 28.4446 12.6073 28.9346 12.389C30.9991 11.4598 33.059 10.5309 35.1236 9.60168C36.41 9.02244 39.7082 7.91851 38.8634 5.82954C38.5602 5.08087 37.5522 4.65276 36.9134 4.27799C35.9428 3.70713 34.9428 3.18673 33.9225 2.71601C31.875 1.77753 29.7479 1.05709 27.5635 0.533996C26.9185 0.379447 26.2801 0.772616 25.8907 1.29291C25.6703 1.58872 25.2175 2.5989 25.8744 2.75494Z\" fill=\"#CB4E10\"\/>\n<\/svg><\/a>\n\t\t\t\t\t\t\t<a href=\"https:\/\/globalglimpse.org\/get-involved\/refer-a-high-school\" target=\"\" class=\"btn -text-btn -arrow\">Lleva la Visi\u00f3n Global a tu instituto <svg xmlns=\"http:\/\/www.w3.org\/2000\/svg\" width=\"39\" height=\"13\" viewBox=\"0 0 39 13\" fill=\"none\" role=\"img\" aria-hidden=\"true\" focusable=\"false\">\n    <path d=\"M32.3924 5.81907C22.2282 4.56938 11.9666 4.31662 1.75661 5.06711C1.08049 5.11521 0.447129 5.54905 0.138321 6.17712C-0.0587199 6.57502 -0.138687 7.44762 0.553681 7.39593C10.7637 6.64544 21.0275 6.89562 31.1894 8.14789C32.2313 8.27664 33.8292 5.99692 32.3924 5.81907Z\" fill=\"#CB4E10\"\/>\n    <path d=\"M25.8744 2.75494C29.2073 3.55134 32.4146 4.8275 35.3789 6.58696C35.578 6.70564 35.8535 6.94196 36.1047 7.09789C35.4043 7.41332 34.7039 7.72881 34.0035 8.04417C32.3304 8.79831 30.6573 9.55233 28.9864 10.3039C28.4302 10.5536 27.7636 11.1925 27.7789 11.8699C27.7936 12.5377 28.4446 12.6073 28.9346 12.389C30.9991 11.4598 33.059 10.5309 35.1236 9.60168C36.41 9.02244 39.7082 7.91851 38.8634 5.82954C38.5602 5.08087 37.5522 4.65276 36.9134 4.27799C35.9428 3.70713 34.9428 3.18673 33.9225 2.71601C31.875 1.77753 29.7479 1.05709 27.5635 0.533996C26.9185 0.379447 26.2801 0.772616 25.8907 1.29291C25.6703 1.58872 25.2175 2.5989 25.8744 2.75494Z\" fill=\"#CB4E10\"\/>\n<\/svg><\/a>\n\t\t\t\t\t\t\t<a href=\"https:\/\/globalglimpse.org\/what-we-do\/cost-scholarships\" target=\"\" class=\"btn -text-btn -arrow\">Consultar Costos Becas <svg xmlns=\"http:\/\/www.w3.org\/2000\/svg\" width=\"39\" height=\"13\" viewBox=\"0 0 39 13\" fill=\"none\" role=\"img\" aria-hidden=\"true\" focusable=\"false\">\n    <path d=\"M32.3924 5.81907C22.2282 4.56938 11.9666 4.31662 1.75661 5.06711C1.08049 5.11521 0.447129 5.54905 0.138321 6.17712C-0.0587199 6.57502 -0.138687 7.44762 0.553681 7.39593C10.7637 6.64544 21.0275 6.89562 31.1894 8.14789C32.2313 8.27664 33.8292 5.99692 32.3924 5.81907Z\" fill=\"#CB4E10\"\/>\n    <path d=\"M25.8744 2.75494C29.2073 3.55134 32.4146 4.8275 35.3789 6.58696C35.578 6.70564 35.8535 6.94196 36.1047 7.09789C35.4043 7.41332 34.7039 7.72881 34.0035 8.04417C32.3304 8.79831 30.6573 9.55233 28.9864 10.3039C28.4302 10.5536 27.7636 11.1925 27.7789 11.8699C27.7936 12.5377 28.4446 12.6073 28.9346 12.389C30.9991 11.4598 33.059 10.5309 35.1236 9.60168C36.41 9.02244 39.7082 7.91851 38.8634 5.82954C38.5602 5.08087 37.5522 4.65276 36.9134 4.27799C35.9428 3.70713 34.9428 3.18673 33.9225 2.71601C31.875 1.77753 29.7479 1.05709 27.5635 0.533996C26.9185 0.379447 26.2801 0.772616 25.8907 1.29291C25.6703 1.58872 25.2175 2.5989 25.8744 2.75494Z\" fill=\"#CB4E10\"\/>\n<\/svg><\/a>\n\t\t\t\t\t<\/div>\n\n\t<\/div>\n\n\n\t\t\t<\/div>\n\n\t\t\t\t\n\t<\/div>\n","protected":false},"excerpt":{"rendered":"","protected":false},"author":1,"featured_media":0,"parent":28990,"menu_order":0,"comment_status":"closed","ping_status":"closed","template":"","meta":{"_acf_changed":false,"footnotes":""},"class_list":["post-28945","page","type-page","status-publish","hentry"],"acf":[],"_links":{"self":[{"href":"https:\/\/www.globalglimpse.org\/es\/wp-json\/wp\/v2\/pages\/28945","targetHints":{"allow":["GET"]}}],"collection":[{"href":"https:\/\/www.globalglimpse.org\/es\/wp-json\/wp\/v2\/pages"}],"about":[{"href":"https:\/\/www.globalglimpse.org\/es\/wp-json\/wp\/v2\/types\/page"}],"author":[{"embeddable":true,"href":"https:\/\/www.globalglimpse.org\/es\/wp-json\/wp\/v2\/users\/1"}],"replies":[{"embeddable":true,"href":"https:\/\/www.globalglimpse.org\/es\/wp-json\/wp\/v2\/comments?post=28945"}],"version-history":[{"count":3,"href":"https:\/\/www.globalglimpse.org\/es\/wp-json\/wp\/v2\/pages\/28945\/revisions"}],"predecessor-version":[{"id":41805,"href":"https:\/\/www.globalglimpse.org\/es\/wp-json\/wp\/v2\/pages\/28945\/revisions\/41805"}],"up":[{"embeddable":true,"href":"https:\/\/www.globalglimpse.org\/es\/wp-json\/wp\/v2\/pages\/28990"}],"wp:attachment":[{"href":"https:\/\/www.globalglimpse.org\/es\/wp-json\/wp\/v2\/media?parent=28945"}],"curies":[{"name":"wp","href":"https:\/\/api.w.org\/{rel}","templated":true}]}}