{"id":28943,"date":"2024-06-27T13:19:31","date_gmt":"2024-06-27T13:19:31","guid":{"rendered":"https:\/\/globalglimpse.org\/contactanos"},"modified":"2025-11-20T19:55:15","modified_gmt":"2025-11-20T19:55:15","slug":"contactanos","status":"publish","type":"page","link":"https:\/\/www.globalglimpse.org\/es\/unete\/contactanos","title":{"rendered":"Cont\u00e1ctanos"},"content":{"rendered":"\n<h2 class=\"wp-block-heading\">Cont\u00e1ctanos<\/h2>\n\n<p>Nos encantar\u00eda saber de ti. Rellena un breve formulario de contacto y un miembro del personal se pondr\u00e1 en contacto contigo.   <\/p>\n\n<p>O ll\u00e1manos al <strong>1.800.499.0656<\/strong><\/p>\n<div class=\"frm_forms  with_frm_style frm_style_formidable-style\" id=\"frm_form_1_container\" >\n<form enctype=\"multipart\/form-data\" method=\"post\" class=\"frm-show-form  frm_pro_form \" id=\"form_contact-form\" >\n<div class=\"frm_form_fields \">\n<fieldset>\n<legend class=\"frm_screen_reader\">Contact Us<\/legend>\r\n\r\n<div class=\"frm_fields_container\">\n<input type=\"hidden\" name=\"frm_action\" value=\"create\" \/>\n<input type=\"hidden\" name=\"form_id\" value=\"1\" \/>\n<input type=\"hidden\" name=\"frm_hide_fields_1\" id=\"frm_hide_fields_1\" value=\"\" \/>\n<input type=\"hidden\" name=\"form_key\" value=\"contact-form\" \/>\n<input type=\"hidden\" name=\"item_meta[0]\" value=\"\" \/>\n<input type=\"hidden\" id=\"frm_submit_entry_1\" name=\"frm_submit_entry_1\" value=\"acc715bf1b\" \/><input type=\"hidden\" name=\"_wp_http_referer\" value=\"\/es\/wp-json\/wp\/v2\/pages\/28943\" \/><div id=\"frm_field_1_container\" class=\"frm_form_field form-field  frm_required_field frm_top_container frm_first frm_half\">\r\n    <label for=\"field_qh4icy\" id=\"field_qh4icy_label\" class=\"frm_primary_label\">Name\r\n        <span class=\"frm_required\" aria-hidden=\"true\">*<\/span>\r\n    <\/label>\r\n    <input  type=\"text\" id=\"field_qh4icy\" name=\"item_meta[1]\" value=\"\"  data-reqmsg=\"Name cannot be blank.\" aria-required=\"true\" data-invmsg=\"Name is invalid\" aria-invalid=\"false\"   aria-describedby=\"frm_desc_field_qh4icy\" \/>\r\n    <div class=\"frm_description\" id=\"frm_desc_field_qh4icy\">First<\/div>\r\n    \r\n<\/div>\n<div id=\"frm_field_2_container\" class=\"frm_form_field form-field  frm_required_field frm_hidden_container frm_half\">\r\n    <label for=\"field_ocfup1\" id=\"field_ocfup1_label\" class=\"frm_primary_label\">\r\n        <span class=\"frm_required\" aria-hidden=\"true\">*<\/span>\r\n    <\/label>\r\n    <input  type=\"text\" id=\"field_ocfup1\" name=\"item_meta[2]\" value=\"\"  data-reqmsg=\"This field cannot be blank.\" aria-required=\"true\" data-invmsg=\"This field is invalid\" aria-invalid=\"false\"   aria-describedby=\"frm_desc_field_ocfup1\" \/>\r\n    <div class=\"frm_description\" id=\"frm_desc_field_ocfup1\">Last<\/div>\r\n    \r\n<\/div>\n<div id=\"frm_field_3_container\" class=\"frm_form_field form-field  frm_required_field frm_top_container frm6 frm_first\">\r\n    <label for=\"field_29yf4d\" id=\"field_29yf4d_label\" class=\"frm_primary_label\">Email\r\n        <span class=\"frm_required\" aria-hidden=\"true\">*<\/span>\r\n    <\/label>\r\n    <input type=\"email\" id=\"field_29yf4d\" name=\"item_meta[3]\" value=\"\"  data-reqmsg=\"Email cannot be blank.\" aria-required=\"true\" data-invmsg=\"Please enter a valid email address\" aria-invalid=\"false\"  \/>\r\n    \r\n    \r\n<\/div>\n<div id=\"frm_field_142_container\" class=\"frm_form_field form-field  frm_top_container frm6\">\r\n\t<label for=\"field_uhquk\" id=\"field_uhquk_label\" class=\"frm_primary_label\">Phone\r\n\t\t<span class=\"frm_required\" aria-hidden=\"true\"><\/span>\r\n\t<\/label>\r\n\t<input type=\"tel\" id=\"field_uhquk\" name=\"item_meta[142]\" value=\"\"  data-invmsg=\"Phone is invalid\" aria-invalid=\"false\" pattern=\"((\\+\\d{1,3}(-|.| )?\\(?\\d\\)?(-| |.)?\\d{1,5})|(\\(?\\d{2,6}\\)?))(-|.| )?(\\d{3,4})(-|.| )?(\\d{4})(( x| ext)\\d{1,5}){0,1}$\"  \/>\r\n\t\r\n\t\r\n<\/div>\n<div id=\"frm_field_132_container\" class=\"frm_form_field form-field  frm_required_field frm_top_container frm12 frm_first frm_other_container\">\r\n\t<label for=\"field_20i33\" id=\"field_20i33_label\" class=\"frm_primary_label\">Which of the following are you reaching out about?\r\n\t\t<span class=\"frm_required\" aria-hidden=\"true\">*<\/span>\r\n\t<\/label>\r\n\t\t\t<select name=\"item_meta[132]\" id=\"field_20i33\"  data-reqmsg=\"Which of the following are you reaching out about? cannot be blank.\" aria-required=\"true\" data-invmsg=\"Which of the following are you reaching out about? is invalid\" aria-invalid=\"false\"  >\n\t\t<option  value=\"Becoming A Corporate Partner\">Becoming A Corporate Partner<\/option><option  value=\"Bringing Global Glimpse to My School\">Bringing Global Glimpse to My School<\/option><option  value=\"Becoming  A Partner Organization\">Becoming  A Partner Organization<\/option><option  value=\"Becoming A Global Glimpse Leader at my school\">Becoming A Global Glimpse Leader at my school<\/option><option  value=\"Alumni Programs &amp; Opportunities\">Alumni Programs &amp; Opportunities<\/option><option  value=\"Nominating A Student\">Nominating A Student<\/option><option  value=\"Referring A High School\">Referring A High School<\/option><option  value=\"I&#039;m a Parent\/Family Member of a current student\">I&#039;m a Parent\/Family Member of a current student<\/option><option  value=\"I&#039;m A Parent\/Family Member of a Prospective Student\">I&#039;m A Parent\/Family Member of a Prospective Student<\/option><option  value=\"Other\" class=\"frm_other_trigger\">Other<\/option>\t<\/select>\n\t<label for=\"field_20i33-otext\" class=\"frm_screen_reader frm_hidden\">Which of the following are you reaching out about?<\/label><input type=\"text\" id=\"field_20i33-otext\" class=\"frm_other_input frm_pos_none\"  name=\"item_meta[other][132]\" value=\"\" \/>\r\n\t\r\n\t\r\n<\/div>\n<div id=\"frm_field_163_container\" class=\"frm_form_field form-field  frm_required_field frm_top_container\">\r\n\t<label for=\"field_7q465\" id=\"field_7q465_label\" class=\"frm_primary_label\">What is the name of your school?\r\n\t\t<span class=\"frm_required\" aria-hidden=\"true\">*<\/span>\r\n\t<\/label>\r\n\t<input  type=\"text\" id=\"field_7q465\" name=\"item_meta[163]\" value=\"\"  data-reqmsg=\"What is the name of your school? cannot be blank.\" aria-required=\"true\" data-invmsg=\"What is the name of your school? is invalid\" aria-invalid=\"false\"   \/>\r\n\t\r\n\t\r\n<\/div>\n<div id=\"frm_field_143_container\" class=\"frm_form_field form-field  frm_required_field frm_top_container frm12 frm_first frm_other_container\">\r\n\t<label for=\"field_ik5ll\" id=\"field_ik5ll_label\" class=\"frm_primary_label\">Where are you located?\r\n\t\t<span class=\"frm_required\" aria-hidden=\"true\">*<\/span>\r\n\t<\/label>\r\n\t\t\t<select name=\"item_meta[143]\" id=\"field_ik5ll\"  data-frmval=\"SF Bay Area\" data-reqmsg=\"Where are you located? cannot be blank.\" aria-required=\"true\" data-invmsg=\"Where are you located? is invalid\" aria-invalid=\"false\"  >\n\t\t<option  value=\"SF Bay Area\" selected='selected'>SF Bay Area<\/option><option  value=\"Los Angeles\">Los Angeles<\/option><option  value=\"New York Tristate\">New York Tristate<\/option><option  value=\"Massachusetts\">Massachusetts<\/option><option  value=\"Chicago\">Chicago<\/option><option  value=\"Nationally\">Nationally<\/option><option  value=\"Other\" class=\"frm_other_trigger\">Other<\/option>\t<\/select>\n\t<label for=\"field_ik5ll-otext\" class=\"frm_screen_reader frm_hidden\">Where are you located?<\/label><input type=\"text\" id=\"field_ik5ll-otext\" class=\"frm_other_input frm_pos_none\"  name=\"item_meta[other][143]\" value=\"\" \/>\r\n\t\r\n\t\r\n<\/div>\n<div id=\"frm_field_144_container\" class=\"frm_form_field form-field  frm_top_container frm_other_container\">\r\n\t<label for=\"field_1993u\" id=\"field_1993u_label\" class=\"frm_primary_label\">How did you learn about Global Glimpse?\r\n\t\t<span class=\"frm_required\" aria-hidden=\"true\"><\/span>\r\n\t<\/label>\r\n\t\t\t<select name=\"item_meta[144]\" id=\"field_1993u\"  data-invmsg=\"How did you learn about Global Glimpse? is invalid\" aria-invalid=\"false\"  >\n\t\t<option  value=\"From a colleague\">From a colleague<\/option><option  value=\"From a past participant\">From a past participant<\/option><option  value=\"Google Search\">Google Search<\/option><option  value=\"Social Media\">Social Media<\/option><option  value=\"Press Coverage\">Press Coverage<\/option><option  value=\"Other\" class=\"frm_other_trigger\">Other<\/option>\t<\/select>\n\t<label for=\"field_1993u-otext\" class=\"frm_screen_reader frm_hidden\">How did you learn about Global Glimpse?<\/label><input type=\"text\" id=\"field_1993u-otext\" class=\"frm_other_input frm_pos_none\"  name=\"item_meta[other][144]\" value=\"\" \/>\r\n\t\r\n\t\r\n<\/div>\n<div id=\"frm_field_5_container\" class=\"frm_form_field form-field  frm_required_field frm_top_container frm12 frm_first\">\r\n    <label for=\"field_9jv0r1\" id=\"field_9jv0r1_label\" class=\"frm_primary_label\">Please tell us a little bit more about why you are reaching out so we can best support your inquiry:\r\n        <span class=\"frm_required\" aria-hidden=\"true\">*<\/span>\r\n    <\/label>\r\n    <textarea name=\"item_meta[5]\" id=\"field_9jv0r1\" rows=\"5\"  data-reqmsg=\"Please tell us a little bit more about why you are reaching out so we can best support your inquiry: cannot be blank.\" aria-required=\"true\" data-invmsg=\"Please tell us a little bit more about why you are reaching out so we can best support your inquiry: is invalid\" aria-invalid=\"false\"  ><\/textarea>\r\n    \r\n    \r\n<\/div>\n<div id=\"frm_field_6_container\" class=\"frm_form_field form-field \">\r\n\t<div class=\"frm_submit frm_flex\">\r\n<button class=\"frm_button_submit frm_final_submit\" type=\"submit\"   formnovalidate=\"formnovalidate\">Submit<\/button>\r\n\r\n\r\n\r\n<\/div>\r\n<\/div>\n\t<input type=\"hidden\" name=\"item_key\" value=\"\" \/>\n\t\t\t<div id=\"frm_field_164_container\">\n\t\t\t<label for=\"field_a5qym\" >\n\t\t\t\tIf you are human, leave this field blank.\t\t\t<\/label>\n\t\t\t<input  id=\"field_a5qym\" type=\"text\" class=\"frm_form_field form-field frm_verify\" name=\"item_meta[164]\" value=\"\"  \/>\n\t\t<\/div>\n\t\t<input name=\"frm_state\" type=\"hidden\" value=\"NLdDtFFF8ys8wavxyBUXDubPsjK9+\/KGold7geOz74wgr3gkZepJqUGA9ZwuMsK9\" \/><\/div>\n<\/fieldset>\n<\/div>\n\n<p style=\"display: none !important;\" class=\"akismet-fields-container\" data-prefix=\"ak_\"><label>&#916;<textarea name=\"ak_hp_textarea\" cols=\"45\" rows=\"8\" maxlength=\"100\"><\/textarea><\/label><input type=\"hidden\" id=\"ak_js_1\" name=\"ak_js\" value=\"74\"\/><script>document.getElementById( \"ak_js_1\" ).setAttribute( \"value\", ( new Date() ).getTime() );<\/script><\/p><\/form>\n<\/div>\n","protected":false},"excerpt":{"rendered":"<p>Cont\u00e1ctanos Nos encantar\u00eda saber de ti. Rellena un breve formulario de contacto y un miembro del personal se pondr\u00e1 en contacto contigo. O ll\u00e1manos al 1.800.499.0656<\/p>\n","protected":false},"author":1,"featured_media":0,"parent":28990,"menu_order":0,"comment_status":"closed","ping_status":"closed","template":"","meta":{"_acf_changed":false,"footnotes":""},"class_list":["post-28943","page","type-page","status-publish","hentry"],"acf":[],"_links":{"self":[{"href":"https:\/\/www.globalglimpse.org\/es\/wp-json\/wp\/v2\/pages\/28943","targetHints":{"allow":["GET"]}}],"collection":[{"href":"https:\/\/www.globalglimpse.org\/es\/wp-json\/wp\/v2\/pages"}],"about":[{"href":"https:\/\/www.globalglimpse.org\/es\/wp-json\/wp\/v2\/types\/page"}],"author":[{"embeddable":true,"href":"https:\/\/www.globalglimpse.org\/es\/wp-json\/wp\/v2\/users\/1"}],"replies":[{"embeddable":true,"href":"https:\/\/www.globalglimpse.org\/es\/wp-json\/wp\/v2\/comments?post=28943"}],"version-history":[{"count":3,"href":"https:\/\/www.globalglimpse.org\/es\/wp-json\/wp\/v2\/pages\/28943\/revisions"}],"predecessor-version":[{"id":41812,"href":"https:\/\/www.globalglimpse.org\/es\/wp-json\/wp\/v2\/pages\/28943\/revisions\/41812"}],"up":[{"embeddable":true,"href":"https:\/\/www.globalglimpse.org\/es\/wp-json\/wp\/v2\/pages\/28990"}],"wp:attachment":[{"href":"https:\/\/www.globalglimpse.org\/es\/wp-json\/wp\/v2\/media?parent=28943"}],"curies":[{"name":"wp","href":"https:\/\/api.w.org\/{rel}","templated":true}]}}